{"id":12334,"date":"2018-10-30T13:52:22","date_gmt":"2018-10-30T12:52:22","guid":{"rendered":"http:\/\/www.afgolf.be\/?page_id=12334"},"modified":"2021-02-03T17:23:40","modified_gmt":"2021-02-03T16:23:40","slug":"senior-competitions","status":"publish","type":"page","link":"https:\/\/afgolf.be\/en\/senior-competitions\/","title":{"rendered":"Senior Competitions"},"content":{"rendered":"<p><span style=\"display: inline !important; float: none; background-color: transparent; color: #706f6f; cursor: text; font-family: 'Helvetica Neue',Helvetica,Arial,sans-serif; font-size: 18px; font-style: normal; font-variant: normal; font-weight: 400; letter-spacing: normal; orphans: 2; text-align: left; text-decoration: none; text-indent: 0px; text-transform: none; -webkit-text-stroke-width: 0px; white-space: normal; word-spacing: 0px;\"><a class=\"btn btn-custom\" href=\"\/reglement-general-afgolf\/\" target=\"\"> <i class=\"icon icon-link gradient-2 icon__circle\" aria-hidden=\"true\"><\/i> R\u00e8glement g\u00e9n\u00e9ral des comp\u00e9titions AFGolf<\/a><br><\/span><\/p>\n","protected":false},"excerpt":{"rendered":"","protected":false},"author":8,"featured_media":0,"parent":0,"menu_order":0,"comment_status":"closed","ping_status":"closed","template":"template-landing.php","meta":{"_acf_changed":false,"inline_featured_image":false,"footnotes":""},"class_list":["post-12334","page","type-page","status-publish","hentry"],"acf":[],"_links":{"self":[{"href":"https:\/\/afgolf.be\/en\/wp-json\/wp\/v2\/pages\/12334","targetHints":{"allow":["GET"]}}],"collection":[{"href":"https:\/\/afgolf.be\/en\/wp-json\/wp\/v2\/pages"}],"about":[{"href":"https:\/\/afgolf.be\/en\/wp-json\/wp\/v2\/types\/page"}],"author":[{"embeddable":true,"href":"https:\/\/afgolf.be\/en\/wp-json\/wp\/v2\/users\/8"}],"replies":[{"embeddable":true,"href":"https:\/\/afgolf.be\/en\/wp-json\/wp\/v2\/comments?post=12334"}],"version-history":[{"count":3,"href":"https:\/\/afgolf.be\/en\/wp-json\/wp\/v2\/pages\/12334\/revisions"}],"predecessor-version":[{"id":25772,"href":"https:\/\/afgolf.be\/en\/wp-json\/wp\/v2\/pages\/12334\/revisions\/25772"}],"wp:attachment":[{"href":"https:\/\/afgolf.be\/en\/wp-json\/wp\/v2\/media?parent=12334"}],"curies":[{"name":"wp","href":"https:\/\/api.w.org\/{rel}","templated":true}]}}