{"id":12322,"date":"2018-10-30T11:05:13","date_gmt":"2018-10-30T10:05:13","guid":{"rendered":"http:\/\/www.afgolf.be\/?page_id=12322"},"modified":"2021-02-03T16:34:08","modified_gmt":"2021-02-03T15:34:08","slug":"junior-competitions","status":"publish","type":"page","link":"https:\/\/afgolf.be\/en\/junior-competitions\/","title":{"rendered":"Junior Competitions"},"content":{"rendered":"<p><span style=\"display: inline !important; float: none; background-color: transparent; color: #706f6f; cursor: text; font-family: 'Helvetica Neue',Helvetica,Arial,sans-serif; font-size: 18px; font-style: normal; font-variant: normal; font-weight: 400; letter-spacing: normal; orphans: 2; text-align: left; text-decoration: none; text-indent: 0px; text-transform: none; -webkit-text-stroke-width: 0px; white-space: normal; word-spacing: 0px;\"><a class=\"btn btn-custom\" href=\"\/reglement-general-afgolf\/\" target=\"\"> <i class=\"icon icon-link gradient-2 icon__circle\" aria-hidden=\"true\"><\/i> R\u00e8glement g\u00e9n\u00e9ral des comp\u00e9titions AFGolf<\/a><br><\/span><\/p>\n","protected":false},"excerpt":{"rendered":"","protected":false},"author":8,"featured_media":8370,"parent":0,"menu_order":0,"comment_status":"closed","ping_status":"closed","template":"template-landing.php","meta":{"_acf_changed":false,"inline_featured_image":false,"footnotes":""},"class_list":["post-12322","page","type-page","status-publish","has-post-thumbnail","hentry"],"acf":[],"_links":{"self":[{"href":"https:\/\/afgolf.be\/en\/wp-json\/wp\/v2\/pages\/12322","targetHints":{"allow":["GET"]}}],"collection":[{"href":"https:\/\/afgolf.be\/en\/wp-json\/wp\/v2\/pages"}],"about":[{"href":"https:\/\/afgolf.be\/en\/wp-json\/wp\/v2\/types\/page"}],"author":[{"embeddable":true,"href":"https:\/\/afgolf.be\/en\/wp-json\/wp\/v2\/users\/8"}],"replies":[{"embeddable":true,"href":"https:\/\/afgolf.be\/en\/wp-json\/wp\/v2\/comments?post=12322"}],"version-history":[{"count":3,"href":"https:\/\/afgolf.be\/en\/wp-json\/wp\/v2\/pages\/12322\/revisions"}],"predecessor-version":[{"id":25767,"href":"https:\/\/afgolf.be\/en\/wp-json\/wp\/v2\/pages\/12322\/revisions\/25767"}],"wp:featuredmedia":[{"embeddable":true,"href":"https:\/\/afgolf.be\/en\/wp-json\/wp\/v2\/media\/8370"}],"wp:attachment":[{"href":"https:\/\/afgolf.be\/en\/wp-json\/wp\/v2\/media?parent=12322"}],"curies":[{"name":"wp","href":"https:\/\/api.w.org\/{rel}","templated":true}]}}